{"id":301,"date":"2016-07-28T14:34:34","date_gmt":"2016-07-28T12:34:34","guid":{"rendered":"http:\/\/przyjaznadolinaraby.info\/nowaperspektywa\/?page_id=301"},"modified":"2025-02-19T15:18:17","modified_gmt":"2025-02-19T14:18:17","slug":"czlonkostwo-w-lgd","status":"publish","type":"page","link":"https:\/\/przyjaznadolinaraby.info\/nowaperspektywa\/czlonkostwo-w-lgd\/","title":{"rendered":"Cz\u0142onkostwo w LGD"},"content":{"rendered":"<p><strong>W poni\u017cej znajd\u0105 Pa\u0144stwo deklaracje cz\u0142onkowskie do pobrania \u2013 do\u0142\u0105czcie do nas i wsp\u00f3lnie tw\u00f3rzmy lepsz\u0105 przysz\u0142o\u015b\u0107 dla naszej spo\u0142eczno\u015bci.<\/strong><\/p>\n<p><strong> Razem mo\u017cemy wi\u0119cej! <\/strong><\/p>\n<p>Po z\u0142o\u017ceniu deklaracji w biurze LGD, cz\u0142onkostwo zostaje rozpatrzone i przyj\u0119te na najbli\u017cszym posiedzeniu zarz\u0105du.<\/p>\n<p>:::<a href=\"https:\/\/przyjaznadolinaraby.info\/nowaperspektywa\/wp-content\/uploads\/2024\/09\/Deklaracja_osoba_fizyczna-2024.doc\"><span style=\"text-decoration: underline;\"> Deklaracja osoba fizyczna 2024<\/span><\/a>format\u00a0<span style=\"color: #ff0000;\"><strong>doc<\/strong><\/span><br \/>\n:::<a href=\"http:\/\/www.przyjaznadolinaraby.info\/images\/stories\/Deklaracja%20sektor%20publiczny%202016.doc\">\u00a0<\/a><a href=\"https:\/\/przyjaznadolinaraby.info\/nowaperspektywa\/wp-content\/uploads\/2024\/09\/Deklaracja_osoba-prawna-2024.doc\"><span style=\"text-decoration: underline;\">Deklaracja osoba prawna 2024\u00a0<\/span><\/a>format\u00a0<span style=\"color: #ff0000;\"><strong>doc<\/strong><\/span><\/p>\n<p><a href=\"http:\/\/przyjaznadolinaraby.info\/nowaperspektywa\/wp-content\/uploads\/2023\/06\/oswidczenie-o-zameldowaniu.docx\">::: <span style=\"text-decoration: underline;\">O\u015bwiadczenie o zameldowaniu<\/span><\/a><\/p>\n<p><span style=\"color: #ff0000;\"><strong>UWAGI<\/strong><\/span><\/p>\n<p>W przypadku z\u0142o\u017cenia deklaracji cz\u0142onkowskiej\u00a0 przez osob\u0119 prawn\u0105 ( NGO), konieczne jest do\u0142\u0105czenie uchwa\u0142y w sprawie przy\u0142\u0105czenia do LGD. Przyk\u0142adowa uchwa\u0142a do pobrania\u00a0 tutaj: : <span style=\"text-decoration: underline;\"><a href=\"http:\/\/przyjaznadolinaraby.info\/nowaperspektywa\/wp-content\/uploads\/2024\/01\/uchwala_przystapienie_do_LGD-2024.doc\">wz\u00f3r uchwa\u0142y<\/a><\/span><\/p>\n<p>W przypadku z\u0142o\u017cenia deklaracji cz\u0142onkowskiej przez podmiot prowadz\u0105cy dzia\u0142alno\u015b\u0107 gospodarcz\u0105 konieczne jest do\u0142\u0105czenie ksero wpisu do ewidencji dzia\u0142alno\u015bci gospodarczej lub ksero odpisu z KRSu.<\/p>\n","protected":false},"excerpt":{"rendered":"<p>W poni\u017cej znajd\u0105 Pa\u0144stwo deklaracje cz\u0142onkowskie do pobrania \u2013 do\u0142\u0105czcie do nas i wsp\u00f3lnie tw\u00f3rzmy lepsz\u0105 przysz\u0142o\u015b\u0107 dla naszej spo\u0142eczno\u015bci. Razem mo\u017cemy wi\u0119cej! Po z\u0142o\u017ceniu deklaracji w biurze LGD, cz\u0142onkostwo zostaje rozpatrzone i przyj\u0119te na najbli\u017cszym posiedzeniu zarz\u0105du. ::: Deklaracja osoba fizyczna 2024format\u00a0doc :::\u00a0Deklaracja osoba prawna 2024\u00a0format\u00a0doc ::: O\u015bwiadczenie o zameldowaniu UWAGI W przypadku z\u0142o\u017cenia <a href=\"https:\/\/przyjaznadolinaraby.info\/nowaperspektywa\/czlonkostwo-w-lgd\/\" class=\"more-link\">&#8230;<span class=\"screen-reader-text\">  Cz\u0142onkostwo w LGD<\/span><\/a><\/p>\n","protected":false},"author":6,"featured_media":0,"parent":0,"menu_order":6,"comment_status":"closed","ping_status":"closed","template":"","meta":{"_monsterinsights_skip_tracking":false,"_monsterinsights_sitenote_active":false,"_monsterinsights_sitenote_note":"","_monsterinsights_sitenote_category":0,"footnotes":""},"tags":[],"acf":[],"_links":{"self":[{"href":"https:\/\/przyjaznadolinaraby.info\/nowaperspektywa\/wp-json\/wp\/v2\/pages\/301"}],"collection":[{"href":"https:\/\/przyjaznadolinaraby.info\/nowaperspektywa\/wp-json\/wp\/v2\/pages"}],"about":[{"href":"https:\/\/przyjaznadolinaraby.info\/nowaperspektywa\/wp-json\/wp\/v2\/types\/page"}],"author":[{"embeddable":true,"href":"https:\/\/przyjaznadolinaraby.info\/nowaperspektywa\/wp-json\/wp\/v2\/users\/6"}],"replies":[{"embeddable":true,"href":"https:\/\/przyjaznadolinaraby.info\/nowaperspektywa\/wp-json\/wp\/v2\/comments?post=301"}],"version-history":[{"count":15,"href":"https:\/\/przyjaznadolinaraby.info\/nowaperspektywa\/wp-json\/wp\/v2\/pages\/301\/revisions"}],"predecessor-version":[{"id":11665,"href":"https:\/\/przyjaznadolinaraby.info\/nowaperspektywa\/wp-json\/wp\/v2\/pages\/301\/revisions\/11665"}],"wp:attachment":[{"href":"https:\/\/przyjaznadolinaraby.info\/nowaperspektywa\/wp-json\/wp\/v2\/media?parent=301"}],"wp:term":[{"taxonomy":"post_tag","embeddable":true,"href":"https:\/\/przyjaznadolinaraby.info\/nowaperspektywa\/wp-json\/wp\/v2\/tags?post=301"}],"curies":[{"name":"wp","href":"https:\/\/api.w.org\/{rel}","templated":true}]}}