{"id":461,"date":"2016-08-12T14:22:52","date_gmt":"2016-08-12T12:22:52","guid":{"rendered":"http:\/\/przyjaznadolinaraby.info\/nowaperspektywa\/?page_id=461"},"modified":"2024-03-11T11:08:11","modified_gmt":"2024-03-11T10:08:11","slug":"ksiega-wizualizacji","status":"publish","type":"page","link":"https:\/\/przyjaznadolinaraby.info\/nowaperspektywa\/ksiega-wizualizacji\/","title":{"rendered":"Ksi\u0119ga wizualizacji"},"content":{"rendered":"<p>Zgodnie z Rozporz\u0105dzeniem Wykonawczym Komisji (UE) 2022\/129 z dnia 21 grudnia 2021 r. <strong>beneficjenc<\/strong>i interwencji finansowanych z EFRROW potwierdzaj\u0105 otrzymanie wsparcia z P<strong>S WPR 2023-2027<\/strong> poprzez odpowiednie oznaczenie miejsca realizacji: t<strong>ablice, plakaty, informacje w Internecie.<\/strong><\/p>\n<p>Ksi\u0119ga Wizualizacji logo PS WPR 2023-2027 jest opracowaniem zbieraj\u0105cym wszystkie obowi\u0105zki beneficjent\u00f3w wraz z graficznymi przyk\u0142adami.<\/p>\n<p>Zatwierdzona Ksi\u0119ga oraz logotypy do pobrania dost\u0119pne <a title=\"Ksi\u0119ga Wizualizacji logo PS WPR 2023-2027\" href=\"https:\/\/www.gov.pl\/web\/rolnictwo\/ksiega-wizualizacji\" target=\"_blank\" rel=\"noopener noreferrer\">na stronie internetowej Ministerstwa Rolnictwa i Rozwoju Wsi.<\/a><\/p>\n<p>***<\/p>\n<p>Logo LGD:<\/p>\n<ul>\n<li><a href=\"https:\/\/drive.google.com\/open?id=12MeBqDWNryEG8avsJKJir8tPSv6Uujt0\">Logo.ai<\/a><\/li>\n<li><a href=\"https:\/\/drive.google.com\/open?id=1Fu0w5yQTH5tlxt4dtx4kD28_OqaHF_ko\">Logo.eps<\/a><\/li>\n<li><a href=\"https:\/\/drive.google.com\/open?id=1VSBMfy878Mkwup7fJeL-QpS4z53o5ZNU\">Logo.jpg<\/a><\/li>\n<li><a href=\"https:\/\/drive.google.com\/open?id=1HlsFHic6JoF_3_jVYYKQMKiUmYiknYoq\">Logo.png<\/a><\/li>\n<\/ul>\n<p>&nbsp;<\/p>\n","protected":false},"excerpt":{"rendered":"<p>Zgodnie z Rozporz\u0105dzeniem Wykonawczym Komisji (UE) 2022\/129 z dnia 21 grudnia 2021 r. beneficjenci interwencji finansowanych z EFRROW potwierdzaj\u0105 otrzymanie wsparcia z PS WPR 2023-2027 poprzez odpowiednie oznaczenie miejsca realizacji: tablice, plakaty, informacje w Internecie. Ksi\u0119ga Wizualizacji logo PS WPR 2023-2027 jest opracowaniem zbieraj\u0105cym wszystkie obowi\u0105zki beneficjent\u00f3w wraz z graficznymi przyk\u0142adami. Zatwierdzona Ksi\u0119ga oraz logotypy <a href=\"https:\/\/przyjaznadolinaraby.info\/nowaperspektywa\/ksiega-wizualizacji\/\" class=\"more-link\">&#8230;<span class=\"screen-reader-text\">  Ksi\u0119ga wizualizacji<\/span><\/a><\/p>\n","protected":false},"author":6,"featured_media":0,"parent":0,"menu_order":5,"comment_status":"closed","ping_status":"closed","template":"","meta":{"_monsterinsights_skip_tracking":false,"_monsterinsights_sitenote_active":false,"_monsterinsights_sitenote_note":"","_monsterinsights_sitenote_category":0,"footnotes":""},"tags":[],"acf":[],"_links":{"self":[{"href":"https:\/\/przyjaznadolinaraby.info\/nowaperspektywa\/wp-json\/wp\/v2\/pages\/461"}],"collection":[{"href":"https:\/\/przyjaznadolinaraby.info\/nowaperspektywa\/wp-json\/wp\/v2\/pages"}],"about":[{"href":"https:\/\/przyjaznadolinaraby.info\/nowaperspektywa\/wp-json\/wp\/v2\/types\/page"}],"author":[{"embeddable":true,"href":"https:\/\/przyjaznadolinaraby.info\/nowaperspektywa\/wp-json\/wp\/v2\/users\/6"}],"replies":[{"embeddable":true,"href":"https:\/\/przyjaznadolinaraby.info\/nowaperspektywa\/wp-json\/wp\/v2\/comments?post=461"}],"version-history":[{"count":5,"href":"https:\/\/przyjaznadolinaraby.info\/nowaperspektywa\/wp-json\/wp\/v2\/pages\/461\/revisions"}],"predecessor-version":[{"id":11199,"href":"https:\/\/przyjaznadolinaraby.info\/nowaperspektywa\/wp-json\/wp\/v2\/pages\/461\/revisions\/11199"}],"wp:attachment":[{"href":"https:\/\/przyjaznadolinaraby.info\/nowaperspektywa\/wp-json\/wp\/v2\/media?parent=461"}],"wp:term":[{"taxonomy":"post_tag","embeddable":true,"href":"https:\/\/przyjaznadolinaraby.info\/nowaperspektywa\/wp-json\/wp\/v2\/tags?post=461"}],"curies":[{"name":"wp","href":"https:\/\/api.w.org\/{rel}","templated":true}]}}