{"id":60,"date":"2016-07-19T13:15:40","date_gmt":"2016-07-19T11:15:40","guid":{"rendered":"http:\/\/przyjaznadolinaraby.info\/nowaperspektywa\/?page_id=60"},"modified":"2024-08-09T14:58:30","modified_gmt":"2024-08-09T12:58:30","slug":"o-nas","status":"publish","type":"page","link":"https:\/\/przyjaznadolinaraby.info\/nowaperspektywa\/o-nas\/","title":{"rendered":"O Nas"},"content":{"rendered":"<p><strong>Stowarzyszenie <\/strong><strong>Przyjazna Dolina Raby i Czarnej Orawy<\/strong>, zwane Lokaln\u0105 Grup\u0105 Dzia\u0142ania (LGD), jest partnerstwem tr\u00f3jsektorowym, sk\u0142adaj\u0105cym si\u0119 z przedstawicieli w\u0142adz publicznych, lokalnych partner\u00f3w spo\u0142ecznych i gospodarczych oraz mieszka\u0144c\u00f3w. Stowarzyszenie zrzesza osoby fizyczne, a tak\u017ce osoby prawne, w tym jednostki samorz\u0105du terytorialnego, z obszaru gmin Rabka-Zdr\u00f3j, Raba Wy\u017cna, Spytkowice, Jab\u0142onka, Lipnica Wielka i (od 2023r.) Czarny Dunajec.<\/p>\n<p><strong>LGD powo\u0142ane jest do realizacji cel\u00f3w na terenie gmin cz\u0142onkowskich:<\/strong><\/p>\n<ul>\n<li>dzia\u0142anie na rzecz zr\u00f3wnowa\u017conego rozwoju obszar\u00f3w wiejskich<\/li>\n<li>opracowanie i realizacja strategii rozwoju lokalnego kierowanego przez spo\u0142eczno\u015b\u0107 (LSR)<\/li>\n<li>wspieranie i wdra\u017canie dzia\u0142a\u0144 na rzecz realizacji LSR<\/li>\n<li>promocja obszar\u00f3w wiejskich<\/li>\n<li>aktywizowanie i mobilizowanie ludno\u015bci do wzi\u0119cia aktywnego udzia\u0142u w procesie rozwoju obszar\u00f3w wiejskich<\/li>\n<li>upowszechnianie i wymiana informacji zwi\u0105zanych z aktywizacj\u0105 ludno\u015bci na obszarach wiejskich<\/li>\n<li>rozw\u00f3j infrastruktury<\/li>\n<li>wyb\u00f3r grantobiorc\u00f3w i operacji, kt\u00f3re maj\u0105 by\u0107 realizowane w ramach LSR opracowanej przez Stowarzyszenie<\/li>\n<\/ul>\n<p>&nbsp;<\/p>\n<p>Biuro LGD:<\/p>\n<p>Stowarzyszenie Przyjazna Dolina Raby i Czarnej Orawy<\/p>\n<p>Sieniawa 8B<\/p>\n<p>34-723 Sieniawa<\/p>\n<p>(budynek wielofunkcyjny)<\/p>\n<p><span style=\"text-decoration: underline;\"><a href=\"https:\/\/drive.google.com\/open?id=13Z9ppNLBy4RhPWhvFEBkNIh4wF-zWOdN\"><strong>Opis stanowisk<\/strong><\/a><\/span><\/p>\n<p>&nbsp;<\/p>\n<p><img decoding=\"async\" class=\"alignnone size-large wp-image-11361\" src=\"https:\/\/przyjaznadolinaraby.info\/nowaperspektywa\/wp-content\/uploads\/2024\/05\/20240527_084457-1024x768.jpg\" alt=\"\" width=\"1024\" height=\"768\" srcset=\"https:\/\/przyjaznadolinaraby.info\/nowaperspektywa\/wp-content\/uploads\/2024\/05\/20240527_084457-1024x768.jpg 1024w, https:\/\/przyjaznadolinaraby.info\/nowaperspektywa\/wp-content\/uploads\/2024\/05\/20240527_084457-300x225.jpg 300w\" sizes=\"(max-width: 1024px) 100vw, 1024px\" \/><\/p>\n","protected":false},"excerpt":{"rendered":"<p>Stowarzyszenie Przyjazna Dolina Raby i Czarnej Orawy, zwane Lokaln\u0105 Grup\u0105 Dzia\u0142ania (LGD), jest partnerstwem tr\u00f3jsektorowym, sk\u0142adaj\u0105cym si\u0119 z przedstawicieli w\u0142adz publicznych, lokalnych partner\u00f3w spo\u0142ecznych i gospodarczych oraz mieszka\u0144c\u00f3w. Stowarzyszenie zrzesza osoby fizyczne, a tak\u017ce osoby prawne, w tym jednostki samorz\u0105du terytorialnego, z obszaru gmin Rabka-Zdr\u00f3j, Raba Wy\u017cna, Spytkowice, Jab\u0142onka, Lipnica Wielka i (od 2023r.) Czarny <a href=\"https:\/\/przyjaznadolinaraby.info\/nowaperspektywa\/o-nas\/\" class=\"more-link\">&#8230;<span class=\"screen-reader-text\">  O Nas<\/span><\/a><\/p>\n","protected":false},"author":6,"featured_media":0,"parent":0,"menu_order":1,"comment_status":"closed","ping_status":"closed","template":"","meta":{"_monsterinsights_skip_tracking":false,"_monsterinsights_sitenote_active":false,"_monsterinsights_sitenote_note":"","_monsterinsights_sitenote_category":0,"footnotes":""},"tags":[],"acf":[],"_links":{"self":[{"href":"https:\/\/przyjaznadolinaraby.info\/nowaperspektywa\/wp-json\/wp\/v2\/pages\/60"}],"collection":[{"href":"https:\/\/przyjaznadolinaraby.info\/nowaperspektywa\/wp-json\/wp\/v2\/pages"}],"about":[{"href":"https:\/\/przyjaznadolinaraby.info\/nowaperspektywa\/wp-json\/wp\/v2\/types\/page"}],"author":[{"embeddable":true,"href":"https:\/\/przyjaznadolinaraby.info\/nowaperspektywa\/wp-json\/wp\/v2\/users\/6"}],"replies":[{"embeddable":true,"href":"https:\/\/przyjaznadolinaraby.info\/nowaperspektywa\/wp-json\/wp\/v2\/comments?post=60"}],"version-history":[{"count":9,"href":"https:\/\/przyjaznadolinaraby.info\/nowaperspektywa\/wp-json\/wp\/v2\/pages\/60\/revisions"}],"predecessor-version":[{"id":11413,"href":"https:\/\/przyjaznadolinaraby.info\/nowaperspektywa\/wp-json\/wp\/v2\/pages\/60\/revisions\/11413"}],"wp:attachment":[{"href":"https:\/\/przyjaznadolinaraby.info\/nowaperspektywa\/wp-json\/wp\/v2\/media?parent=60"}],"wp:term":[{"taxonomy":"post_tag","embeddable":true,"href":"https:\/\/przyjaznadolinaraby.info\/nowaperspektywa\/wp-json\/wp\/v2\/tags?post=60"}],"curies":[{"name":"wp","href":"https:\/\/api.w.org\/{rel}","templated":true}]}}