{"id":69,"date":"2016-07-19T13:16:58","date_gmt":"2016-07-19T11:16:58","guid":{"rendered":"http:\/\/przyjaznadolinaraby.info\/nowaperspektywa\/?page_id=69"},"modified":"2025-11-21T14:02:24","modified_gmt":"2025-11-21T13:02:24","slug":"wladze","status":"publish","type":"page","link":"https:\/\/przyjaznadolinaraby.info\/nowaperspektywa\/wladze\/","title":{"rendered":"W\u0142adze"},"content":{"rendered":"<p><strong>Zarz\u0105d LGD<\/strong><\/p>\n<p><span style=\"text-decoration: underline;\">Prezes<\/span><\/p>\n<p>1.Gabriela STACHURA<\/p>\n<p><span style=\"text-decoration: underline;\">Wiceprezes<\/span><\/p>\n<p>2.Ryszard TRACZYK<\/p>\n<p><span style=\"text-decoration: underline;\">Cz\u0142onkowie Zarz\u0105du<\/span><\/p>\n<p>3. Krzysztof Bagadzi\u0144ski<br \/>\n4.Teresa Byd\u0142o\u0144<br \/>\n5.Artur G\u00f3rka<br \/>\n6.Jan Haberny<br \/>\n7.Micha\u0142 Jaro\u0144czyk<br \/>\n8.Angelika Jazowska<br \/>\n9. Stanis\u0142aw Ko\u0142odziej<br \/>\n10. Sylwia Krauzowicz<br \/>\n11.J\u00f3zef Rudnicki<br \/>\n12.Karolina Strama<br \/>\n13.Tomasz Sutor<\/p>\n<p><strong>Rada LGD<\/strong><\/p>\n<p><span style=\"text-decoration: underline;\">Przewodnicz\u0105ca Rady<\/span><\/p>\n<p>1.Ma\u0142gorzata Kulawiak<\/p>\n<p><span style=\"text-decoration: underline;\">Cz\u0142onkowie Rady:<\/span><\/p>\n<p>2.Ewa Bielarczyk<br \/>\n3.Natalia Buter<br \/>\n4.Barbara Chramiec<br \/>\n5.Dorota Frys<br \/>\n6.Anna Gut<br \/>\n7.Bogdan Jazowski<br \/>\n8.Bernadeta Ko\u0142odziej<br \/>\n9.Karol Krzysiak<br \/>\n10.Wioletta Mi\u015bkowiec<br \/>\n11.Aleksandra Brzegowy<br \/>\n12.Micha\u0142 Piekarczyk<br \/>\n13.Patryk Rudnicki<br \/>\n14.Przemys\u0142aw S\u0119k<br \/>\n15.Jolanta \u015awider<br \/>\n16.Anna Polak<br \/>\n17.Jolanta Walek<br \/>\n18.Przemys\u0142aw Zaj\u0105c<br \/>\n19.Teresa Zarycka<br \/>\n20.Damian \u017bmuda<\/p>\n<p>&nbsp;<\/p>\n<p><strong>Komisja rewizyjna<\/strong><\/p>\n<p><span style=\"text-decoration: underline;\">Przewodnicz\u0105cy <\/span><\/p>\n<p>1.Ignacy Piziak-Rapacz<\/p>\n<p><span style=\"text-decoration: underline;\">Cz\u0142onkowie komisji:<\/span><\/p>\n<p>2. Kazimierz Bielak<br \/>\n3. Piotr Derek<br \/>\n4.Ma\u0142gorzata Garczek<br \/>\n5.Iwona Smoli\u0144ska<br \/>\n6. Zbigniew Suwada<\/p>\n","protected":false},"excerpt":{"rendered":"<p>Zarz\u0105d LGD Prezes 1.Gabriela STACHURA Wiceprezes 2.Ryszard TRACZYK Cz\u0142onkowie Zarz\u0105du 3. Krzysztof Bagadzi\u0144ski 4.Teresa Byd\u0142o\u0144 5.Artur G\u00f3rka 6.Jan Haberny 7.Micha\u0142 Jaro\u0144czyk 8.Angelika Jazowska 9. Stanis\u0142aw Ko\u0142odziej 10. Sylwia Krauzowicz 11.J\u00f3zef Rudnicki 12.Karolina Strama 13.Tomasz Sutor Rada LGD Przewodnicz\u0105ca Rady 1.Ma\u0142gorzata Kulawiak Cz\u0142onkowie Rady: 2.Ewa Bielarczyk 3.Natalia Buter 4.Barbara Chramiec 5.Dorota Frys 6.Anna Gut 7.Bogdan Jazowski <a href=\"https:\/\/przyjaznadolinaraby.info\/nowaperspektywa\/wladze\/\" class=\"more-link\">&#8230;<span class=\"screen-reader-text\">  W\u0142adze<\/span><\/a><\/p>\n","protected":false},"author":6,"featured_media":0,"parent":0,"menu_order":4,"comment_status":"closed","ping_status":"closed","template":"","meta":{"_monsterinsights_skip_tracking":false,"_monsterinsights_sitenote_active":false,"_monsterinsights_sitenote_note":"","_monsterinsights_sitenote_category":0,"footnotes":""},"tags":[],"acf":[],"_links":{"self":[{"href":"https:\/\/przyjaznadolinaraby.info\/nowaperspektywa\/wp-json\/wp\/v2\/pages\/69"}],"collection":[{"href":"https:\/\/przyjaznadolinaraby.info\/nowaperspektywa\/wp-json\/wp\/v2\/pages"}],"about":[{"href":"https:\/\/przyjaznadolinaraby.info\/nowaperspektywa\/wp-json\/wp\/v2\/types\/page"}],"author":[{"embeddable":true,"href":"https:\/\/przyjaznadolinaraby.info\/nowaperspektywa\/wp-json\/wp\/v2\/users\/6"}],"replies":[{"embeddable":true,"href":"https:\/\/przyjaznadolinaraby.info\/nowaperspektywa\/wp-json\/wp\/v2\/comments?post=69"}],"version-history":[{"count":12,"href":"https:\/\/przyjaznadolinaraby.info\/nowaperspektywa\/wp-json\/wp\/v2\/pages\/69\/revisions"}],"predecessor-version":[{"id":12616,"href":"https:\/\/przyjaznadolinaraby.info\/nowaperspektywa\/wp-json\/wp\/v2\/pages\/69\/revisions\/12616"}],"wp:attachment":[{"href":"https:\/\/przyjaznadolinaraby.info\/nowaperspektywa\/wp-json\/wp\/v2\/media?parent=69"}],"wp:term":[{"taxonomy":"post_tag","embeddable":true,"href":"https:\/\/przyjaznadolinaraby.info\/nowaperspektywa\/wp-json\/wp\/v2\/tags?post=69"}],"curies":[{"name":"wp","href":"https:\/\/api.w.org\/{rel}","templated":true}]}}