{"id":71,"date":"2016-07-19T13:17:04","date_gmt":"2016-07-19T11:17:04","guid":{"rendered":"http:\/\/przyjaznadolinaraby.info\/nowaperspektywa\/?page_id=71"},"modified":"2025-11-24T11:10:24","modified_gmt":"2025-11-24T10:10:24","slug":"statut","status":"publish","type":"page","link":"https:\/\/przyjaznadolinaraby.info\/nowaperspektywa\/statut\/","title":{"rendered":"Statut"},"content":{"rendered":"<p><a href=\"https:\/\/przyjaznadolinaraby.info\/nowaperspektywa\/wp-content\/uploads\/2025\/11\/statut-25.02.2025.pdf\">STATUT STOWARZYSZENIA PRZYJAZNA DOLINA RABY I CZARNEJ ORAWY <\/a>aktualny obowi\u0105zuje od 25.02.2025<\/p>\n<p>&nbsp;<\/p>\n<p><strong>Archiwum<\/strong><\/p>\n<ul>\n<li><a href=\"https:\/\/przyjaznadolinaraby.info\/nowaperspektywa\/wp-content\/uploads\/2024\/05\/statut-29.04.2024.pdf\"><span>STATUT STOWARZYSZENIA PRZYJAZNA DOLINA RABY I CZARNEJ ORAWY<\/span><\/a><span style=\"text-decoration: underline;\">\u00a0 <\/span>wersja obowi\u0105zuj\u0105ca do 24.02.2025r.<\/li>\n<li><a href=\"http:\/\/przyjaznadolinaraby.info\/nowaperspektywa\/wp-content\/uploads\/2023\/07\/statut-30.05.2023-2.docx\"><span style=\"text-decoration: underline;\">STATUT STOWARZYSZENIA PRZYJAZNA DOLINA RABY i CZARNEJ ORAWY-<\/span><\/a><span style=\"text-decoration: underline;\">&#8211;<\/span> wersja obowi\u0105zuj\u0105ca do 28.04.2024r.<\/li>\n<li><span style=\"text-decoration: underline;\"><a href=\"http:\/\/przyjaznadolinaraby.info\/nowaperspektywa\/wp-content\/uploads\/2023\/01\/statut-zmieniony-13.12.2022.pdf\">STATUT STOWARZYSZENIA PRZYJAZNA DOLINA RABY i CZARNEJ ORAWY<\/a><\/span>&#8212; wersja obowi\u0105zuj\u0105ca do 29.05.2023r.<\/li>\n<li><a href=\"https:\/\/drive.google.com\/open?id=16YwaRREP4CbZerYVmlGBhbjx-SdNQQ4D\"><span style=\"text-decoration: underline;\">STATUT STOWARZYSZENIA PRZYJAZNA DOLINA RABY i CZARNEJ ORAWY<\/span><\/a>&#8212; wersja obowi\u0105zuj\u0105ca do 12.12.2022r.<\/li>\n<li><a href=\"http:\/\/www.przyjaznadolinaraby.info\/images\/LGD\/STATUT%2012.2015.docx\"><span style=\"text-decoration: underline;\">STATUT STOWARZYSZENIA PRZYJAZNA DOLINA RABY i CZARNEJ ORAWY-<\/span> <\/a>wersja obowi\u0105zuj\u0105ca do 04.06.2019r.<\/li>\n<li><a href=\"http:\/\/www.przyjaznadolinaraby.info\/images\/LGD\/STATUT%2012.2015.docx\"><span style=\"text-decoration: underline;\">STATUT STOWARZYSZENIA PRZYJAZNA DOLINA RABY i CZARNEJ ORAWY<\/span>&#8211; <\/a>wersja obowi\u0105zuj\u0105ca do 28.04.2019r.<\/li>\n<\/ul>\n","protected":false},"excerpt":{"rendered":"<p>STATUT STOWARZYSZENIA PRZYJAZNA DOLINA RABY I CZARNEJ ORAWY aktualny obowi\u0105zuje od 25.02.2025 &nbsp; Archiwum STATUT STOWARZYSZENIA PRZYJAZNA DOLINA RABY I CZARNEJ ORAWY\u00a0 wersja obowi\u0105zuj\u0105ca do 24.02.2025r. STATUT STOWARZYSZENIA PRZYJAZNA DOLINA RABY i CZARNEJ ORAWY-&#8211; wersja obowi\u0105zuj\u0105ca do 28.04.2024r. STATUT STOWARZYSZENIA PRZYJAZNA DOLINA RABY i CZARNEJ ORAWY&#8212; wersja obowi\u0105zuj\u0105ca do 29.05.2023r. STATUT STOWARZYSZENIA PRZYJAZNA DOLINA RABY <a href=\"https:\/\/przyjaznadolinaraby.info\/nowaperspektywa\/statut\/\" class=\"more-link\">&#8230;<span class=\"screen-reader-text\">  Statut<\/span><\/a><\/p>\n","protected":false},"author":6,"featured_media":0,"parent":0,"menu_order":3,"comment_status":"closed","ping_status":"closed","template":"","meta":{"_monsterinsights_skip_tracking":false,"_monsterinsights_sitenote_active":false,"_monsterinsights_sitenote_note":"","_monsterinsights_sitenote_category":0,"footnotes":""},"tags":[],"acf":[],"_links":{"self":[{"href":"https:\/\/przyjaznadolinaraby.info\/nowaperspektywa\/wp-json\/wp\/v2\/pages\/71"}],"collection":[{"href":"https:\/\/przyjaznadolinaraby.info\/nowaperspektywa\/wp-json\/wp\/v2\/pages"}],"about":[{"href":"https:\/\/przyjaznadolinaraby.info\/nowaperspektywa\/wp-json\/wp\/v2\/types\/page"}],"author":[{"embeddable":true,"href":"https:\/\/przyjaznadolinaraby.info\/nowaperspektywa\/wp-json\/wp\/v2\/users\/6"}],"replies":[{"embeddable":true,"href":"https:\/\/przyjaznadolinaraby.info\/nowaperspektywa\/wp-json\/wp\/v2\/comments?post=71"}],"version-history":[{"count":12,"href":"https:\/\/przyjaznadolinaraby.info\/nowaperspektywa\/wp-json\/wp\/v2\/pages\/71\/revisions"}],"predecessor-version":[{"id":12621,"href":"https:\/\/przyjaznadolinaraby.info\/nowaperspektywa\/wp-json\/wp\/v2\/pages\/71\/revisions\/12621"}],"wp:attachment":[{"href":"https:\/\/przyjaznadolinaraby.info\/nowaperspektywa\/wp-json\/wp\/v2\/media?parent=71"}],"wp:term":[{"taxonomy":"post_tag","embeddable":true,"href":"https:\/\/przyjaznadolinaraby.info\/nowaperspektywa\/wp-json\/wp\/v2\/tags?post=71"}],"curies":[{"name":"wp","href":"https:\/\/api.w.org\/{rel}","templated":true}]}}