{"id":9274,"date":"2022-06-14T11:20:21","date_gmt":"2022-06-14T09:20:21","guid":{"rendered":"http:\/\/przyjaznadolinaraby.info\/nowaperspektywa\/?page_id=9274"},"modified":"2022-09-15T12:34:39","modified_gmt":"2022-09-15T10:34:39","slug":"prow-2021-2027","status":"publish","type":"page","link":"https:\/\/przyjaznadolinaraby.info\/nowaperspektywa\/prow-2021-2027\/","title":{"rendered":"Informacje o LSR 2023-2027"},"content":{"rendered":"<figure><img decoding=\"async\" src=\"http:\/\/przyjaznadolinaraby.info\/nowaperspektywa\/wp-content\/uploads\/2022\/06\/loga-4.png\" \/><\/figure>\n<p>\u201cEuropejski Fundusz Rolny na rzecz Rozwoju Obszar\u00f3w Wiejskich: Europa inwestuj\u0105ca w obszary wiejskie\u201d<\/p>\n<p>Operacja maj\u0105ca na celu wspieranie lokalnego rozwoju na obszarach wiejskich, wsp\u00f3\u0142finansowana jest ze \u015brodk\u00f3w Unii Europejskiej w ramach dzia\u0142ania \u201eWsparcie dla rozwoju lokalnego w ramach inicjatywy LEADER\u201d w ramach poddzia\u0142ania <strong>\u201eWsparcie przygotowawcze\u201d<\/strong> obj\u0119tego Programem Rozwoju Obszar\u00f3w Wiejskich na lata 2014 \u2013 2020. Przewidywane wyniki operacji: zrealizowanie planu w\u0142\u0105czenia spo\u0142eczno\u015bci, zgodnie z opisem procesu przygotowania LSR, finansowy post\u0119p we wdra\u017caniu LSR.<\/p>\n<ul>\n<li><a href=\"http:\/\/przyjaznadolinaraby.info\/nowaperspektywa\/aktualnosci\/\">Aktualno\u015bci\u00a0<\/a><\/li>\n<li><a href=\"http:\/\/przyjaznadolinaraby.info\/nowaperspektywa\/plan-wlaczenia-spolecznosci\/\">PLAN W\u0141\u0104CZENIA SPO\u0141ECZNO\u015aCI <\/a><\/li>\n<li><a href=\"http:\/\/przyjaznadolinaraby.info\/nowaperspektywa\/terminy-spotkan\/\">TERMINY SPOTKA\u0143<\/a><\/li>\n<\/ul>\n","protected":false},"excerpt":{"rendered":"<p>\u201cEuropejski Fundusz Rolny na rzecz Rozwoju Obszar\u00f3w Wiejskich: Europa inwestuj\u0105ca w obszary wiejskie\u201d Operacja maj\u0105ca na celu wspieranie lokalnego rozwoju na obszarach wiejskich, wsp\u00f3\u0142finansowana jest ze \u015brodk\u00f3w Unii Europejskiej w ramach dzia\u0142ania \u201eWsparcie dla rozwoju lokalnego w ramach inicjatywy LEADER\u201d w ramach poddzia\u0142ania \u201eWsparcie przygotowawcze\u201d obj\u0119tego Programem Rozwoju Obszar\u00f3w Wiejskich na lata 2014 \u2013 2020. <a href=\"https:\/\/przyjaznadolinaraby.info\/nowaperspektywa\/prow-2021-2027\/\" class=\"more-link\">&#8230;<span class=\"screen-reader-text\">  Informacje o LSR 2023-2027<\/span><\/a><\/p>\n","protected":false},"author":6,"featured_media":0,"parent":0,"menu_order":0,"comment_status":"closed","ping_status":"closed","template":"","meta":{"_monsterinsights_skip_tracking":false,"_monsterinsights_sitenote_active":false,"_monsterinsights_sitenote_note":"","_monsterinsights_sitenote_category":0,"footnotes":""},"tags":[],"acf":[],"_links":{"self":[{"href":"https:\/\/przyjaznadolinaraby.info\/nowaperspektywa\/wp-json\/wp\/v2\/pages\/9274"}],"collection":[{"href":"https:\/\/przyjaznadolinaraby.info\/nowaperspektywa\/wp-json\/wp\/v2\/pages"}],"about":[{"href":"https:\/\/przyjaznadolinaraby.info\/nowaperspektywa\/wp-json\/wp\/v2\/types\/page"}],"author":[{"embeddable":true,"href":"https:\/\/przyjaznadolinaraby.info\/nowaperspektywa\/wp-json\/wp\/v2\/users\/6"}],"replies":[{"embeddable":true,"href":"https:\/\/przyjaznadolinaraby.info\/nowaperspektywa\/wp-json\/wp\/v2\/comments?post=9274"}],"version-history":[{"count":4,"href":"https:\/\/przyjaznadolinaraby.info\/nowaperspektywa\/wp-json\/wp\/v2\/pages\/9274\/revisions"}],"predecessor-version":[{"id":10056,"href":"https:\/\/przyjaznadolinaraby.info\/nowaperspektywa\/wp-json\/wp\/v2\/pages\/9274\/revisions\/10056"}],"wp:attachment":[{"href":"https:\/\/przyjaznadolinaraby.info\/nowaperspektywa\/wp-json\/wp\/v2\/media?parent=9274"}],"wp:term":[{"taxonomy":"post_tag","embeddable":true,"href":"https:\/\/przyjaznadolinaraby.info\/nowaperspektywa\/wp-json\/wp\/v2\/tags?post=9274"}],"curies":[{"name":"wp","href":"https:\/\/api.w.org\/{rel}","templated":true}]}}