{"id":9296,"date":"2022-06-14T12:58:52","date_gmt":"2022-06-14T10:58:52","guid":{"rendered":"http:\/\/przyjaznadolinaraby.info\/nowaperspektywa\/?page_id=9296"},"modified":"2022-11-14T13:18:47","modified_gmt":"2022-11-14T12:18:47","slug":"terminy-spotkan","status":"publish","type":"page","link":"https:\/\/przyjaznadolinaraby.info\/nowaperspektywa\/terminy-spotkan\/","title":{"rendered":"TERMINY SPOTKA\u0143"},"content":{"rendered":"<p><img decoding=\"async\" src=\"http:\/\/przyjaznadolinaraby.info\/nowaperspektywa\/wp-content\/uploads\/2022\/06\/loga-4.png\" \/><\/p>\n<p>\u201cEuropejski Fundusz Rolny na rzecz Rozwoju Obszar\u00f3w Wiejskich: Europa inwestuj\u0105ca w obszary wiejskie\u201d<\/p>\n<p>Operacja maj\u0105ca na celu wspieranie lokalnego rozwoju na obszarach wiejskich, wsp\u00f3\u0142finansowana jest ze \u015brodk\u00f3w Unii Europejskiej w ramach dzia\u0142ania \u201eWsparcie dla rozwoju lokalnego w ramach inicjatywy LEADER\u201d w ramach poddzia\u0142ania <strong>\u201eWsparcie przygotowawcze\u201d<\/strong> obj\u0119tego Programem Rozwoju Obszar\u00f3w Wiejskich na lata 2014 \u2013 2020. Przewidywane wyniki operacji: zrealizowanie planu w\u0142\u0105czenia spo\u0142eczno\u015bci, zgodnie z opisem procesu przygotowania LSR, finansowy post\u0119p we wdra\u017caniu LSR.<\/p>\n<p><strong>Harmonogram spotka\u0144:<\/strong><\/p>\n<p><strong>16.11.2022 (\u015broda)<\/strong><br \/>\n\u2022\u00a0<strong>Gmina Rabka-Zdr\u00f3j, godz. 10.00-12.00;<\/strong>\u00a0Sala Obrad w Urz\u0119dzie Miejskim w Rabce-Zdroju., ul. Parkowa 2, 34-700 Rabka-Zdr\u00f3j<br \/>\n\u2022\u00a0<strong>Gmina Spytkowice, godz. 12.30-14.30; S<\/strong>ala Obrad w Urz\u0119dzie Gminy Spytkowice, 34-745 Spytkowice 26<br \/>\n\u2022\u00a0<strong>Gmina Raba Wy\u017cna, godz. 15.00-17.00;<\/strong>\u00a0Sala Obrad w Urz\u0119dzie Gminy Raba Wy\u017cna,\u00a034-721 Raba Wy\u017cna 41<\/p>\n<p><strong>17.11.2022 (czwartek)<\/strong><br \/>\n\u2022\u00a0<strong>Gmina Czarny Dunajec, godz. 10.00-12.00;<\/strong>\u00a0Sala Obrad w Urz\u0119dzie Gminy Czarny Dunajec, ul. J\u00f3zefa Pi\u0142sudskiego 2, 34-470 Czarny Dunajec<br \/>\n\u2022\u00a0<strong>Gmina Lipnica Wielka, godz. 12.30-14.30<\/strong>; Dom Ludowy w Lipnicy Wielkiej, 34-483 Lipnica Wielka na Orawie 518<br \/>\n\u2022\u00a0<strong>Gmina Jab\u0142onka , godz. 15.00-17.00<\/strong>; Sala Obrad w Urz\u0119dzie Gminy Jab\u0142onka, ul.3 Maja 1, 34-480 Jab\u0142onka<\/p>\n<p><img decoding=\"async\" class=\"alignnone size-full wp-image-10249\" src=\"http:\/\/przyjaznadolinaraby.info\/nowaperspektywa\/wp-content\/uploads\/2022\/11\/SPOTKANIA-KONSULTACYJNE-nowy-1.jpg\" alt=\"\" width=\"1654\" height=\"2339\" srcset=\"https:\/\/przyjaznadolinaraby.info\/nowaperspektywa\/wp-content\/uploads\/2022\/11\/SPOTKANIA-KONSULTACYJNE-nowy-1.jpg 1654w, https:\/\/przyjaznadolinaraby.info\/nowaperspektywa\/wp-content\/uploads\/2022\/11\/SPOTKANIA-KONSULTACYJNE-nowy-1-212x300.jpg 212w, https:\/\/przyjaznadolinaraby.info\/nowaperspektywa\/wp-content\/uploads\/2022\/11\/SPOTKANIA-KONSULTACYJNE-nowy-1-724x1024.jpg 724w\" sizes=\"(max-width: 1654px) 100vw, 1654px\" \/><\/p>\n","protected":false},"excerpt":{"rendered":"<p>\u201cEuropejski Fundusz Rolny na rzecz Rozwoju Obszar\u00f3w Wiejskich: Europa inwestuj\u0105ca w obszary wiejskie\u201d Operacja maj\u0105ca na celu wspieranie lokalnego rozwoju na obszarach wiejskich, wsp\u00f3\u0142finansowana jest ze \u015brodk\u00f3w Unii Europejskiej w ramach dzia\u0142ania \u201eWsparcie dla rozwoju lokalnego w ramach inicjatywy LEADER\u201d w ramach poddzia\u0142ania \u201eWsparcie przygotowawcze\u201d obj\u0119tego Programem Rozwoju Obszar\u00f3w Wiejskich na lata 2014 \u2013 2020. <a href=\"https:\/\/przyjaznadolinaraby.info\/nowaperspektywa\/terminy-spotkan\/\" class=\"more-link\">&#8230;<span class=\"screen-reader-text\">  TERMINY SPOTKA\u0143<\/span><\/a><\/p>\n","protected":false},"author":6,"featured_media":0,"parent":0,"menu_order":0,"comment_status":"closed","ping_status":"closed","template":"","meta":{"_monsterinsights_skip_tracking":false,"_monsterinsights_sitenote_active":false,"_monsterinsights_sitenote_note":"","_monsterinsights_sitenote_category":0,"footnotes":""},"tags":[],"acf":[],"_links":{"self":[{"href":"https:\/\/przyjaznadolinaraby.info\/nowaperspektywa\/wp-json\/wp\/v2\/pages\/9296"}],"collection":[{"href":"https:\/\/przyjaznadolinaraby.info\/nowaperspektywa\/wp-json\/wp\/v2\/pages"}],"about":[{"href":"https:\/\/przyjaznadolinaraby.info\/nowaperspektywa\/wp-json\/wp\/v2\/types\/page"}],"author":[{"embeddable":true,"href":"https:\/\/przyjaznadolinaraby.info\/nowaperspektywa\/wp-json\/wp\/v2\/users\/6"}],"replies":[{"embeddable":true,"href":"https:\/\/przyjaznadolinaraby.info\/nowaperspektywa\/wp-json\/wp\/v2\/comments?post=9296"}],"version-history":[{"count":6,"href":"https:\/\/przyjaznadolinaraby.info\/nowaperspektywa\/wp-json\/wp\/v2\/pages\/9296\/revisions"}],"predecessor-version":[{"id":10259,"href":"https:\/\/przyjaznadolinaraby.info\/nowaperspektywa\/wp-json\/wp\/v2\/pages\/9296\/revisions\/10259"}],"wp:attachment":[{"href":"https:\/\/przyjaznadolinaraby.info\/nowaperspektywa\/wp-json\/wp\/v2\/media?parent=9296"}],"wp:term":[{"taxonomy":"post_tag","embeddable":true,"href":"https:\/\/przyjaznadolinaraby.info\/nowaperspektywa\/wp-json\/wp\/v2\/tags?post=9296"}],"curies":[{"name":"wp","href":"https:\/\/api.w.org\/{rel}","templated":true}]}}